{"id":2506,"date":"2023-05-26T10:49:59","date_gmt":"2023-05-26T10:49:59","guid":{"rendered":"https:\/\/trekon.qodeinteractive.com\/?page_id=2506"},"modified":"2024-09-13T09:44:55","modified_gmt":"2024-09-13T08:44:55","slug":"about-us","status":"publish","type":"page","link":"https:\/\/ysgoltreganna.cymru\/cy\/about-us\/","title":{"rendered":"Amdanom Ni"},"content":{"rendered":"<div data-elementor-type=\"wp-page\" data-elementor-id=\"2506\" class=\"elementor elementor-2506\">\n\t\t\t\t\t\t<section class=\"elementor-section elementor-top-section elementor-element elementor-element-60792955 elementor-section-full_width qodef-elementor-content-grid elementor-section-height-default elementor-section-height-default\" data-id=\"60792955\" data-element_type=\"section\" data-e-type=\"section\" data-settings=\"{&quot;background_background&quot;:&quot;classic&quot;}\">\n\t\t\t\t\t\t<div class=\"elementor-container elementor-column-gap-default\">\n\t\t\t\t\t<div class=\"elementor-column elementor-col-100 elementor-top-column elementor-element elementor-element-639a6457\" data-id=\"639a6457\" data-element_type=\"column\" data-e-type=\"column\">\n\t\t\t<div class=\"elementor-widget-wrap elementor-element-populated\">\n\t\t\t\t\t\t<div class=\"elementor-element elementor-element-695f0fc elementor-widget__width-initial elementor-widget elementor-widget-qi_addons_for_elementor_blockquote\" data-id=\"695f0fc\" data-element_type=\"widget\" data-e-type=\"widget\" data-widget_type=\"qi_addons_for_elementor_blockquote.default\">\n\t\t\t\t<div class=\"elementor-widget-container\">\n\t\t\t\t\t<div class=\"qodef-shortcode qodef-m qodef-qi-blockquote qodef-layout--top qodef--\">\n\t\t\t\t<h4 class=\"qodef-m-text\">\n\t\t\tMae 22 o ddosbarthiadau yn Nhreganna wedi\u2019u trefnu i hyrwyddo\u2019r profiad dysgu gorau posibl i\u2019ch plentyn.\n\t\t<\/h4>\n\t<\/div>\n\t\t\t\t<\/div>\n\t\t\t\t<\/div>\n\t\t\t\t<div class=\"elementor-element elementor-element-d5612f5 elementor-widget elementor-widget-image\" data-id=\"d5612f5\" data-element_type=\"widget\" data-e-type=\"widget\" data-widget_type=\"image.default\">\n\t\t\t\t<div class=\"elementor-widget-container\">\n\t\t\t\t\t\t\t\t\t\t\t\t\t\t\t<img fetchpriority=\"high\" decoding=\"async\" width=\"2048\" height=\"1536\" src=\"https:\/\/ysgoltreganna.cymru\/wp-content\/uploads\/2024\/08\/banner-4-1.jpg\" class=\"attachment-full size-full wp-image-9076\" alt=\"\" srcset=\"https:\/\/ysgoltreganna.cymru\/wp-content\/uploads\/2024\/08\/banner-4-1.jpg 2048w, https:\/\/ysgoltreganna.cymru\/wp-content\/uploads\/2024\/08\/banner-4-1-300x225.jpg 300w, https:\/\/ysgoltreganna.cymru\/wp-content\/uploads\/2024\/08\/banner-4-1-768x576.jpg 768w, https:\/\/ysgoltreganna.cymru\/wp-content\/uploads\/2024\/08\/banner-4-1-1024x768.jpg 1024w, https:\/\/ysgoltreganna.cymru\/wp-content\/uploads\/2024\/08\/banner-4-1-1536x1152.jpg 1536w, https:\/\/ysgoltreganna.cymru\/wp-content\/uploads\/2024\/08\/banner-4-1-16x12.jpg 16w\" sizes=\"(max-width: 2048px) 100vw, 2048px\" \/>\t\t\t\t\t\t\t\t\t\t\t\t\t\t\t<\/div>\n\t\t\t\t<\/div>\n\t\t\t\t\t<\/div>\n\t\t<\/div>\n\t\t\t\t\t<\/div>\n\t\t<\/section>\n\t\t\t\t<section class=\"elementor-section elementor-top-section elementor-element elementor-element-4696e87 elementor-section-full_width qodef-elementor-content-grid elementor-section-height-default elementor-section-height-default\" data-id=\"4696e87\" data-element_type=\"section\" data-e-type=\"section\" data-settings=\"{&quot;background_background&quot;:&quot;classic&quot;}\">\n\t\t\t\t\t\t<div class=\"elementor-container elementor-column-gap-default\">\n\t\t\t\t\t<div class=\"elementor-column elementor-col-100 elementor-top-column elementor-element elementor-element-6d33f27\" data-id=\"6d33f27\" data-element_type=\"column\" data-e-type=\"column\">\n\t\t\t<div class=\"elementor-widget-wrap elementor-element-populated\">\n\t\t\t\t\t\t<div class=\"elementor-element elementor-element-03df5d2 elementor-widget elementor-widget-spacer\" data-id=\"03df5d2\" data-element_type=\"widget\" data-e-type=\"widget\" data-widget_type=\"spacer.default\">\n\t\t\t\t<div class=\"elementor-widget-container\">\n\t\t\t\t\t\t\t<div class=\"elementor-spacer\">\n\t\t\t<div class=\"elementor-spacer-inner\"><\/div>\n\t\t<\/div>\n\t\t\t\t\t\t<\/div>\n\t\t\t\t<\/div>\n\t\t\t\t<div class=\"elementor-element elementor-element-490214c elementor-widget elementor-widget-text-editor\" data-id=\"490214c\" data-element_type=\"widget\" data-e-type=\"widget\" data-widget_type=\"text-editor.default\">\n\t\t\t\t<div class=\"elementor-widget-container\">\n\t\t\t\t\t\t\t\t\t<p><span style=\"font-weight: 400;\">Mae Ysgol Gymraeg Treganna yn ysgol gyfrwng Gymraeg\nsydd wedi ei lleoli yn ardal Treganna, Caerdydd. Ein nod fel\nysgol yw cyflwyno cwricwlwm arloesol yr 21ain ganrif a fydd yn\nysbrydoli ein disgyblion ac yn eu helpu i ddatblygu\u2019n ddysgwyr\nuchelgeisiol, mentrus, gwybodus a hyderus. Mae gennym d\u00eem\nymroddedig, cyfeillgar sy\u2019n gweithio\u2019n galed. Mae gan bob\naelod o staff gyfrifoldebau am feysydd o\u2019r cwricwlwm ac fel ysgol\nrydym yn darparu datblygiad proffesiynol parhaus o ansawdd\nuchel i\u2019n staff. Yn ogystal \u00e2\u2019r staff addysgu mae gennym nifer o\ngynorthwywyr sy\u2019n darparu cefnogaeth werthfawr. Mae gennym\nddwy weinyddwraig ysgol amser llawn.<br \/><\/span><\/p><p><span style=\"font-weight: 400;\">Mae ein gweithgareddau allgyrsiol yn cynnwys p\u00eal-rwyd, hoci, rygbi, p\u00eal-droed, criced, nofio, rownderi, c\u00f4r, clwb perfformio, clwb hwyl a sbri, clwb ffilm, clwb garddio, offerynnau cerdd, dawnsio gwerin, clwb Minecraft a\u2019r Urdd. Mae gennym Gymdeithas Rhieni ac Athrawon gweithgar sy\u2019n darparu adnoddau ychwanegol gwerthfawr i\u2019n disgyblion a\u2019n staff.<br \/><\/span><\/p><p>Mae cymuned yr ysgol yn rhan annatod ac unigryw o ethos Ysgol Treganna a chredwn yn gryf mai\u2019r ffordd orau o ddarparu addysg yw trwy bartneriaeth lwyddiannus rhwng y cartref, yr ysgol a\u2019r gymuned leol. Gyda chymorth rhieni, rydym am feithrin cariad at ddysgu ac arfogi pob plentyn ar gyfarpar sydd ei angen arno i lwyddo mewn bywyd.<\/p>\t\t\t\t\t\t\t\t<\/div>\n\t\t\t\t<\/div>\n\t\t\t\t<div class=\"elementor-element elementor-element-d729b6b elementor-widget elementor-widget-image\" data-id=\"d729b6b\" data-element_type=\"widget\" data-e-type=\"widget\" data-widget_type=\"image.default\">\n\t\t\t\t<div class=\"elementor-widget-container\">\n\t\t\t\t\t\t\t\t\t\t\t\t\t\t\t<img decoding=\"async\" width=\"1280\" height=\"720\" src=\"https:\/\/ysgoltreganna.cymru\/wp-content\/uploads\/2024\/08\/banner-5.jpg\" class=\"attachment-full size-full wp-image-9098\" alt=\"\" srcset=\"https:\/\/ysgoltreganna.cymru\/wp-content\/uploads\/2024\/08\/banner-5.jpg 1280w, https:\/\/ysgoltreganna.cymru\/wp-content\/uploads\/2024\/08\/banner-5-300x169.jpg 300w, https:\/\/ysgoltreganna.cymru\/wp-content\/uploads\/2024\/08\/banner-5-768x432.jpg 768w, https:\/\/ysgoltreganna.cymru\/wp-content\/uploads\/2024\/08\/banner-5-1024x576.jpg 1024w, https:\/\/ysgoltreganna.cymru\/wp-content\/uploads\/2024\/08\/banner-5-18x10.jpg 18w\" sizes=\"(max-width: 1280px) 100vw, 1280px\" \/>\t\t\t\t\t\t\t\t\t\t\t\t\t\t\t<\/div>\n\t\t\t\t<\/div>\n\t\t\t\t\t<\/div>\n\t\t<\/div>\n\t\t\t\t\t<\/div>\n\t\t<\/section>\n\t\t\t\t<\/div>","protected":false},"excerpt":{"rendered":"<p>With 22 classes in Ysgol Treganna, our structure is designed to promote the best possible learning experiences for each child. Ysgol Gymraeg Treganna is a Welsh medium school, situated in [&hellip;]<\/p>\n","protected":false},"author":1,"featured_media":0,"parent":0,"menu_order":0,"comment_status":"closed","ping_status":"closed","template":"page-full-width.php","meta":{"_EventAllDay":false,"_EventTimezone":"","_EventStartDate":"","_EventEndDate":"","_EventStartDateUTC":"","_EventEndDateUTC":"","_EventShowMap":false,"_EventShowMapLink":false,"_EventURL":"","_EventCost":"","_EventCostDescription":"","_EventCurrencySymbol":"","_EventCurrencyCode":"","_EventCurrencyPosition":"","_EventDateTimeSeparator":"","_EventTimeRangeSeparator":"","_EventOrganizerID":[],"_EventVenueID":[],"_OrganizerEmail":"","_OrganizerPhone":"","_OrganizerWebsite":"","_VenueAddress":"","_VenueCity":"","_VenueCountry":"","_VenueProvince":"","_VenueState":"","_VenueZip":"","_VenuePhone":"","_VenueURL":"","_VenueStateProvince":"","_VenueLat":"","_VenueLng":"","_VenueShowMap":false,"_VenueShowMapLink":false,"footnotes":""},"class_list":["post-2506","page","type-page","status-publish","hentry"],"_links":{"self":[{"href":"https:\/\/ysgoltreganna.cymru\/cy\/wp-json\/wp\/v2\/pages\/2506","targetHints":{"allow":["GET"]}}],"collection":[{"href":"https:\/\/ysgoltreganna.cymru\/cy\/wp-json\/wp\/v2\/pages"}],"about":[{"href":"https:\/\/ysgoltreganna.cymru\/cy\/wp-json\/wp\/v2\/types\/page"}],"author":[{"embeddable":true,"href":"https:\/\/ysgoltreganna.cymru\/cy\/wp-json\/wp\/v2\/users\/1"}],"replies":[{"embeddable":true,"href":"https:\/\/ysgoltreganna.cymru\/cy\/wp-json\/wp\/v2\/comments?post=2506"}],"version-history":[{"count":94,"href":"https:\/\/ysgoltreganna.cymru\/cy\/wp-json\/wp\/v2\/pages\/2506\/revisions"}],"predecessor-version":[{"id":11469,"href":"https:\/\/ysgoltreganna.cymru\/cy\/wp-json\/wp\/v2\/pages\/2506\/revisions\/11469"}],"wp:attachment":[{"href":"https:\/\/ysgoltreganna.cymru\/cy\/wp-json\/wp\/v2\/media?parent=2506"}],"curies":[{"name":"wp","href":"https:\/\/api.w.org\/{rel}","templated":true}]}}